{"id":430,"date":"2025-01-27T18:54:15","date_gmt":"2025-01-27T18:54:15","guid":{"rendered":"https:\/\/neu.somatische-akademie.de\/contact-us\/"},"modified":"2025-03-04T20:53:19","modified_gmt":"2025-03-04T20:53:19","slug":"contact-us","status":"publish","type":"page","link":"https:\/\/neu.somatische-akademie.de\/en\/contact-us\/","title":{"rendered":"Contact us"},"content":{"rendered":"<p><strong>Office hours:<br\/><\/strong><br\/> Monday and Friday 09:30 &#8211; 12:00<br\/>Wednesday 13:00 &#8211; 15:00<br\/><br\/><br\/>Tel: <a href=\"tel:00493012028470\">030 1202 8470 <\/a> <br\/><a href=\"mailto:%69%6e%66%6f@%73%6f%6d%61%74%69%73%63%68%65-%61%6b%61%64%65%6d%69%65.%64%65\">info@somatische-akademie.de<\/a><br\/><strong><br\/>Address:<\/strong><br\/>Somatische Akademie Berlin GmbH<br\/>Paul-Lincke-Ufer 30<br\/>10999 Berlin<\/p><p><br\/><strong>Transport connections:<\/strong><br\/>U-Bahn (U1, U2, U8): Kottbusser Tor, G\u00f6rlitzer Bahnhof, Sch\u00f6nleinstra\u00dfe<br\/>Bus lines: M29, 140, 171, 194, N1, N8, N47<\/p><div style=\"height:34px\" aria-hidden=\"true\" class=\"wp-block-spacer\"><\/div>\n<div class=\"wpcf7 no-js\" id=\"wpcf7-f432-o1\" lang=\"en-US\" dir=\"ltr\" data-wpcf7-id=\"432\">\n<div class=\"screen-reader-response\"><p role=\"status\" aria-live=\"polite\" aria-atomic=\"true\"><\/p> <ul><\/ul><\/div>\n<form action=\"\/en\/wp-json\/wp\/v2\/pages\/430#wpcf7-f432-o1\" method=\"post\" class=\"wpcf7-form init\" aria-label=\"Contact form\" novalidate=\"novalidate\" data-status=\"init\">\n<div style=\"display: none;\">\n<input type=\"hidden\" name=\"_wpcf7\" value=\"432\" \/>\n<input type=\"hidden\" name=\"_wpcf7_version\" value=\"6.0.4\" \/>\n<input type=\"hidden\" name=\"_wpcf7_locale\" value=\"en_US\" \/>\n<input type=\"hidden\" name=\"_wpcf7_unit_tag\" value=\"wpcf7-f432-o1\" \/>\n<input type=\"hidden\" name=\"_wpcf7_container_post\" value=\"0\" \/>\n<input type=\"hidden\" name=\"_wpcf7_posted_data_hash\" value=\"\" \/>\n<\/div>\n<div class=\"contact-form-style\">\n\t<p><label> <span class=\"title-label\">First name<\/span><br \/>\n<span class=\"wpcf7-form-control-wrap\" data-name=\"your-first-name\"><input size=\"40\" maxlength=\"400\" class=\"wpcf7-form-control wpcf7-text\" autocomplete=\"first-name\" aria-invalid=\"false\" value=\"\" type=\"text\" name=\"your-first-name\" \/><\/span> <\/label><br \/>\n<label> <span class=\"title-label\">Lastname*<\/span><br \/>\n<span class=\"wpcf7-form-control-wrap\" data-name=\"your-last-name\"><input size=\"40\" maxlength=\"400\" class=\"wpcf7-form-control wpcf7-text\" autocomplete=\"last-name\" aria-invalid=\"false\" value=\"\" type=\"text\" name=\"your-last-name\" \/><\/span> <\/label><br \/>\n<label> <span class=\"title-label\">Company \/ Organization<\/span><br \/>\n<span class=\"wpcf7-form-control-wrap\" data-name=\"your-organization\"><input size=\"40\" maxlength=\"400\" class=\"wpcf7-form-control wpcf7-text\" autocomplete=\"last-organization\" aria-invalid=\"false\" value=\"\" type=\"text\" name=\"your-organization\" \/><\/span> <\/label><br \/>\n<label> <span class=\"title-label\">Address<\/span><br \/>\n<span class=\"wpcf7-form-control-wrap\" data-name=\"your-address\"><input size=\"40\" maxlength=\"400\" class=\"wpcf7-form-control wpcf7-text\" autocomplete=\"address\" aria-invalid=\"false\" value=\"\" type=\"text\" name=\"your-address\" \/><\/span> <\/label><br \/>\n<label> <span class=\"title-label\">ZIP-Code<\/span><br \/>\n<span class=\"wpcf7-form-control-wrap\" data-name=\"your-zipecode\"><input size=\"40\" maxlength=\"400\" class=\"wpcf7-form-control wpcf7-text\" autocomplete=\"zipecode\" aria-invalid=\"false\" value=\"\" type=\"text\" name=\"your-zipecode\" \/><\/span><\/label><br \/>\n<label> <span class=\"title-label\">City<\/span><br \/>\n<span class=\"wpcf7-form-control-wrap\" data-name=\"select-708\"><select class=\"wpcf7-form-control wpcf7-select contact-form-country-dd\" aria-invalid=\"false\" name=\"select-708\"><option value=\"Germany\">Germany<\/option><option value=\"Georgia\">Georgia<\/option><\/select><\/span><\/label><br \/>\n<label> <span class=\"title-label\">Country<\/span><br \/>\n<span class=\"wpcf7-form-control-wrap\" data-name=\"your-country\"><input size=\"40\" maxlength=\"400\" class=\"wpcf7-form-control wpcf7-text\" autocomplete=\"country\" aria-invalid=\"false\" value=\"\" type=\"text\" name=\"your-country\" \/><\/span> <\/label><br \/>\n<label> <span class=\"title-label\">Phone number<\/span><br \/>\n<span class=\"wpcf7-form-control-wrap\" data-name=\"your-phone\"><input size=\"40\" maxlength=\"400\" class=\"wpcf7-form-control wpcf7-tel wpcf7-validates-as-required wpcf7-text wpcf7-validates-as-tel\" autocomplete=\"tel\" aria-required=\"true\" aria-invalid=\"false\" value=\"\" type=\"tel\" name=\"your-phone\" \/><\/span> <\/label><br \/>\n<label> <span class=\"title-label\">E-mail*<\/span><br \/>\n<span class=\"wpcf7-form-control-wrap\" data-name=\"your-email\"><input size=\"40\" maxlength=\"400\" class=\"wpcf7-form-control wpcf7-email wpcf7-validates-as-required wpcf7-text wpcf7-validates-as-email\" autocomplete=\"email\" aria-required=\"true\" aria-invalid=\"false\" value=\"\" type=\"email\" name=\"your-email\" \/><\/span> <\/label><br \/>\n<label> <span class=\"title-label\">Subject*<\/span><br \/>\n<span class=\"wpcf7-form-control-wrap\" data-name=\"your-regarding\"><input size=\"40\" maxlength=\"400\" class=\"wpcf7-form-control wpcf7-text wpcf7-validates-as-required\" autocomplete=\"regarding\" aria-required=\"true\" aria-invalid=\"false\" value=\"\" type=\"text\" name=\"your-regarding\" \/><\/span> <\/label><br \/>\n<label> <span class=\"title-label\">Message*<\/span><br \/>\n<span class=\"wpcf7-form-control-wrap\" data-name=\"textarea-364\"><textarea cols=\"40\" rows=\"10\" maxlength=\"2000\" class=\"wpcf7-form-control wpcf7-textarea\" aria-invalid=\"false\" name=\"textarea-364\"><\/textarea><\/span> <\/label>\n\t<\/p>\n\t<div class=\"acceptance-contact\">\n\t\t<p><span class=\"wpcf7-form-control-wrap\" data-name=\"acceptance-829\"><span class=\"wpcf7-form-control wpcf7-acceptance optional\"><span class=\"wpcf7-list-item\"><label><input type=\"checkbox\" name=\"acceptance-829\" value=\"1\" aria-invalid=\"false\" \/><span class=\"wpcf7-list-item-label\">I agree that my personal data will be stored, stored and used within the EU General Data Protection Regulation (GDPR).<\/span><\/label><\/span><\/span><\/span>\n\t\t<\/p>\n\t<\/div>\n\t<p><input class=\"wpcf7-form-control wpcf7-submit has-spinner\" type=\"submit\" value=\"SUBMIT\" \/>\n\t<\/p>\n<\/div><div class=\"wpcf7-response-output\" aria-hidden=\"true\"><\/div>\n<\/form>\n<\/div>\n<p><\/p>","protected":false},"excerpt":{"rendered":"<p>Office hours: Monday and Friday 09:30 &#8211; 12:00Wednesday 13:00 &#8211; 15:00 Tel: 030 1202 8470 info@somatische-akademie.deAddress:Somatische Akademie Berlin GmbHPaul-Lincke-Ufer 3010999 Berlin Transport connections:U-Bahn (U1, U2, U8): Kottbusser Tor, G\u00f6rlitzer Bahnhof, Sch\u00f6nleinstra\u00dfeBus lines: M29, 140, 171, 194, N1, N8, N47<\/p>\n","protected":false},"author":1,"featured_media":0,"parent":0,"menu_order":0,"comment_status":"closed","ping_status":"closed","template":"","meta":{"_acf_changed":false,"footnotes":""},"class_list":["post-430","page","type-page","status-publish","hentry"],"acf":[],"_links":{"self":[{"href":"https:\/\/neu.somatische-akademie.de\/en\/wp-json\/wp\/v2\/pages\/430","targetHints":{"allow":["GET"]}}],"collection":[{"href":"https:\/\/neu.somatische-akademie.de\/en\/wp-json\/wp\/v2\/pages"}],"about":[{"href":"https:\/\/neu.somatische-akademie.de\/en\/wp-json\/wp\/v2\/types\/page"}],"author":[{"embeddable":true,"href":"https:\/\/neu.somatische-akademie.de\/en\/wp-json\/wp\/v2\/users\/1"}],"replies":[{"embeddable":true,"href":"https:\/\/neu.somatische-akademie.de\/en\/wp-json\/wp\/v2\/comments?post=430"}],"version-history":[{"count":1,"href":"https:\/\/neu.somatische-akademie.de\/en\/wp-json\/wp\/v2\/pages\/430\/revisions"}],"predecessor-version":[{"id":431,"href":"https:\/\/neu.somatische-akademie.de\/en\/wp-json\/wp\/v2\/pages\/430\/revisions\/431"}],"wp:attachment":[{"href":"https:\/\/neu.somatische-akademie.de\/en\/wp-json\/wp\/v2\/media?parent=430"}],"curies":[{"name":"wp","href":"https:\/\/api.w.org\/{rel}","templated":true}]}}